{"id":2,"date":"2018-05-17T10:53:49","date_gmt":"2018-05-17T08:53:49","guid":{"rendered":"http:\/\/172.17.0.40\/msrail\/?page_id=2"},"modified":"2018-05-28T15:38:56","modified_gmt":"2018-05-28T13:38:56","slug":"onas","status":"publish","type":"page","link":"https:\/\/www.msrail.cz\/index.php\/onas\/","title":{"rendered":"O n\u00e1s"},"content":{"rendered":"<p>Na trhu jsme od roku 2009, firma MS Rail spol, s.r.o. vznikla v&nbsp;roce 2015 p\u0159echodem z&nbsp;FO na s.r.o.<\/p>\n<p>Zab\u00fdv\u00e1me se p\u0159edev\u0161\u00edm zemn\u00edmi pracemi, pokl\u00e1dkou kabel\u016f, beton\u00e1\u017eemi, mikrtotunely, atd\u2026<\/p>\n<p>Specializujeme se p\u0159edev\u0161\u00edm na zak\u00e1zky t\u00fdkaj\u00edc\u00ed se \u017eelezni\u010dn\u00edch trat\u00ed.<\/p>\n<p>&nbsp;<\/p>\n<p><strong>Realizovali jsme zak\u00e1zky nap\u0159\u00edklad pro firmy:<\/strong><\/p>\n<ul>\n<li>E\u017d Praha a.s.<\/li>\n<li>Elektroline a.s.<\/li>\n<li>Skanska a.s.<\/li>\n<li>Trail Servis a.s.<\/li>\n<li>Monzas spol. s.r.o.<\/li>\n<li>Viamont Servis a.s.<\/li>\n<li>Vr\u0161ansk\u00e1 uheln\u00e1 a.s.<\/li>\n<\/ul>\n<p>&nbsp;<\/p>\n<p><strong>Pracovn\u011b jsme se pod\u00edleli na zak\u00e1zk\u00e1ch :<\/strong><\/p>\n<ul>\n<li>Oprava SZZ \u017datec z\u00e1pad<\/li>\n<li>Odstran\u011bn\u00ed propadu rychlosti v&nbsp;\u00faseku \u017datec \u2013 Chomutov<\/li>\n<li>Rekonstrukce EOV Velim<\/li>\n<li>Rekonstrukce a dopln\u011bn\u00ed EOV Pe\u010dky<\/li>\n<li>Osv\u011btleni n\u00e1stupi\u0161t\u011b Chomutov m\u011bsto<\/li>\n<li>Rekonstrukce osv\u011btlen\u00ed \u017est. Horn\u00ed B\u0159\u00edza<\/li>\n<\/ul>\n<p>a dal\u0161\u00ed<\/p>\n<p>&nbsp;<\/p>\n<p><strong>Nab\u00edz\u00edme :<\/strong><\/p>\n<p>Ve\u0161ker\u00e9 ru\u010dn\u00ed a strojn\u00ed v\u00fdkopov\u00e9 pr\u00e1ce, pokl\u00e1dky kabel\u016f, zemn\u00ed protlaky, beton\u00e1\u017e z\u00e1klad\u016f VO, realizace zak\u00e1zek na kl\u00ed\u010d, asfaltov\u00e1n\u00ed, pokl\u00e1dka z\u00e1mkov\u00e9 dla\u017eby .<\/p>\n","protected":false},"excerpt":{"rendered":"<p>Na trhu jsme od roku 2009, firma MS Rail spol, s.r.o. vznikla v&nbsp;roce 2015 p\u0159echodem z&nbsp;FO na s.r.o. Zab\u00fdv\u00e1me se p\u0159edev\u0161\u00edm zemn\u00edmi pracemi, pokl\u00e1dkou kabel\u016f, beton\u00e1\u017eemi, mikrtotunely, atd\u2026 Specializujeme se [&hellip;]<\/p>\n","protected":false},"author":2,"featured_media":0,"parent":0,"menu_order":0,"comment_status":"closed","ping_status":"open","template":"templates\/template-full.php","meta":{"ngg_post_thumbnail":0},"_links":{"self":[{"href":"https:\/\/www.msrail.cz\/index.php\/wp-json\/wp\/v2\/pages\/2"}],"collection":[{"href":"https:\/\/www.msrail.cz\/index.php\/wp-json\/wp\/v2\/pages"}],"about":[{"href":"https:\/\/www.msrail.cz\/index.php\/wp-json\/wp\/v2\/types\/page"}],"author":[{"embeddable":true,"href":"https:\/\/www.msrail.cz\/index.php\/wp-json\/wp\/v2\/users\/2"}],"replies":[{"embeddable":true,"href":"https:\/\/www.msrail.cz\/index.php\/wp-json\/wp\/v2\/comments?post=2"}],"version-history":[{"count":5,"href":"https:\/\/www.msrail.cz\/index.php\/wp-json\/wp\/v2\/pages\/2\/revisions"}],"predecessor-version":[{"id":111,"href":"https:\/\/www.msrail.cz\/index.php\/wp-json\/wp\/v2\/pages\/2\/revisions\/111"}],"wp:attachment":[{"href":"https:\/\/www.msrail.cz\/index.php\/wp-json\/wp\/v2\/media?parent=2"}],"curies":[{"name":"wp","href":"https:\/\/api.w.org\/{rel}","templated":true}]}}